{"id":820,"date":"2020-11-19T13:09:44","date_gmt":"2020-11-19T12:09:44","guid":{"rendered":"http:\/\/brainhint.test.vian.pl\/?page_id=820"},"modified":"2024-10-31T12:16:37","modified_gmt":"2024-10-31T11:16:37","slug":"polityka-prywatnosci","status":"publish","type":"page","link":"https:\/\/brainhint.com\/pl\/polityka-prywatnosci\/","title":{"rendered":"Polityka prywatno\u015bci"},"content":{"rendered":"<p>Je\u017celi Pan\/Pani podaje nam swoje dane osobowe ich administratorem jest BRAINHINT Sp. z o.o. z siedzib\u0105 15-005 Bia\u0142ystok, ul. Sienkiewicza 110. Kontaktuj\u0105c si\u0119 z nami wyra\u017ca Pani\/Pan zgod\u0119 na przetwarzanie podanych danych osobowych w okre\u015blonym przez Pani\u0105\/Pana b\u0105d\u017a przepisy prawa celu, zgodnie z nasz\u0105 Polityk\u0105 Prywatno\u015bci, z kt\u00f3r\u0105 mo\u017cna si\u0119 zapozna\u0107 poni\u017cej.<\/p>\n<p>Strona www.brainhint.com u\u017cywa plik\u00f3w cookie. Brak zmian ustawie\u0144 przegl\u0105darki oznacza zgod\u0119 na ich u\u017cycie.<\/p>\n<p>&nbsp;<\/p>\n<p>&nbsp;<\/p>\n<h4 style=\"text-align: center;\"><strong>POLITYKA PRYWATNO\u015aCI W BRAINHINT SP. Z O.O.<\/strong><\/h4>\n<p>&nbsp;<\/p>\n<p>Szanowny Kliencie,<\/p>\n<p>BRAINHINT Sp. z o.o. respektuje i chroni Twoj\u0105 prywatno\u015b\u0107, przestrzega zasad okre\u015blonych w przepisach reguluj\u0105cych ochron\u0119 danych osobowych, w tym w szczeg\u00f3lno\u015bci w rozporz\u0105dzeniu Parlamentu Europejskiego i Rady (UE) 2016\/679 z 27.04.2016 r. w sprawie ochrony os\u00f3b fizycznych w zwi\u0105zku z przetwarzaniem danych osobowych i w sprawie swobodnego przep\u0142ywu takich danych oraz uchylenia dyrektywy 95\/46\/WE (RODO) oraz ustawie z dnia 10 maja 2018r. o ochronie danych osobowych. W zwi\u0105zku z powy\u017cszym przekazujemy poni\u017csz\u0105 informacj\u0119 dotycz\u0105c\u0105 przetwarzania Twoich danych osobowych przez BRAINHINT Sp. z o.o. \u00a0z siedzib\u0105 15-005 Bia\u0142ystok, ul. Sienkiewicza 110, jako administratora danych.<\/p>\n<h4><strong>Cel przetwarzania danych<\/strong><\/h4>\n<p>Twoje dane s\u0105 i b\u0119d\u0105 przetwarzane przez nas w nast\u0119puj\u0105cych celach:<\/p>\n<ul>\n<li><strong>wykonania umowy<\/strong>, kt\u00f3rej jeste\u015b stron\u0105, w tym obs\u0142ugiwania reklamacji oraz dochodzenia roszcze\u0144,<\/li>\n<li><strong>wykonania przez nas obowi\u0105zku prawnego<\/strong>, w tym dla cel\u00f3w rozliczeniowych, podatkowych oraz w zwi\u0105zku z prowadzon\u0105 rachunkowo\u015bci\u0105,<\/li>\n<li><strong>podj\u0119cia na Twoje \u017cyczenie dzia\u0142a\u0144<\/strong> maj\u0105cych na celu ewentualne zawarcie umowy (z\u0142o\u017cenie oferty, udost\u0119pnienie testowej wersji oprogramowania, prowadzenie korespondencji drog\u0105 elektroniczn\u0105),<\/li>\n<li><strong>kontaktowania si\u0119 z Tob\u0105<\/strong>, prowadzenia przez nas marketingu bezpo\u015bredniego w\u0142asnych produkt\u00f3w i us\u0142ug, w tym \u2013 w razie wyra\u017cenia przez Ciebie w tym zakresie zgody \u2013 przesy\u0142ania informacji handlowych drog\u0105 elektroniczn\u0105.<\/li>\n<\/ul>\n<p>Nie b\u0119dziemy przekazywa\u0107 Twoich danych osobowych osobom trzecim za wyj\u0105tkiem wykonania obowi\u0105zk\u00f3w ustawowych oraz gdy jest to konieczne w zwi\u0105zku z dochodzeniem roszcze\u0144 b\u0105d\u017a ze z\u0142o\u017con\u0105 reklamacj\u0105 w celu uzyskania opinii specjalisty b\u0105d\u017a producenta.<\/p>\n<h4><strong>Rodzaj przetwarzanych danych<\/strong><\/h4>\n<ul>\n<li>Przetwarza\u0107 b\u0119dziemy wy\u0142\u0105cznie dane niezb\u0119dne do realizacji powy\u017cszych cel\u00f3w, tj. imi\u0119 i nazwisko, nazw\u0119 firmy, adres, NIP, REGON oraz ewentualnie numer telefonu, e-mail i numer rachunku bankowego.<\/li>\n<li>Twoje dane osobowe uzyskali\u015bmy bezpo\u015brednio od Ciebie w zwi\u0105zku z zakupem towar\u00f3w lub us\u0142ug b\u0105d\u017a Twoja pro\u015bb\u0105 o przygotowanie oferty lub informacji.<\/li>\n<\/ul>\n<h4><strong>Dobrowolno\u015b\u0107 podania danych osobowych<\/strong><\/h4>\n<p>Twoje dane osobowe uzyskali\u015bmy bezpo\u015brednio od Ciebie. Podanie przez Ciebie swoich danych jest dobrowolne, lecz ich podanie mo\u017ce by\u0107 konieczne dla realizacji ww. cel\u00f3w (np. do zawarcia umowy, rozpatrzenia reklamacji, nadania uprawnie\u0144 dost\u0119pu) oraz wype\u0142nienia prawnych zobowi\u0105za\u0144 ci\u0105\u017c\u0105cych na BRAINHINT Sp. z o.o. zwi\u0105zanych z rozliczeniami pieni\u0119\u017cnymi, podatkami i rachunkowo\u015bci\u0105.<\/p>\n<h4><strong>Okres przechowywania danych<\/strong><\/h4>\n<p>Twoje dane zamierzamy przechowywa\u0107 w wy\u017cej wymienionych celach nie d\u0142u\u017cej ni\u017c jest to niezb\u0119dne dla realizacji powy\u017cszych cel\u00f3w, w tym:<\/p>\n<ul>\n<li>w odniesieniu do przetwarzania Twoich danych osobowych w zwi\u0105zku z wykonaniem umowy, kt\u00f3rej jeste\u015b stron\u0105 &#8211; przez czas wykonywania tej umowy przed\u0142u\u017cony o okres r\u0119kojmi za wady b\u0105d\u017a gwarancji (w zale\u017cno\u015bci od tego, kt\u00f3ry jest d\u0142u\u017cszy), nie kr\u00f3cej jednak ni\u017c przez okres wynikaj\u0105cy z przepis\u00f3w prawa podatkowego i rachunkowo\u015bci,<\/li>\n<li>w odniesieniu do przetwarzania Twoich danych osobowych w celu ewentualnego zawarcia umowy i z\u0142o\u017cenia oferty &#8211; przez okres 3 miesi\u0119cy od up\u0142ywu daty wa\u017cno\u015bci oferty,<\/li>\n<li>w odniesieniu do przetwarzania Twoich danych osobowych w celach marketingu bezpo\u015bredniego naszych produkt\u00f3w i us\u0142ug, w oparciu o nasz prawnie uzasadniony interes &#8211; do dnia wniesienia przez Ciebie sprzeciwu wobec przetwarzania danych osobowych.<\/li>\n<\/ul>\n<h4><strong>Przys\u0142uguj\u0105ce prawa<\/strong><\/h4>\n<ul>\n<li>Masz prawo do \u017c\u0105dania od nas, w ka\u017cdym momencie, dost\u0119pu do swoich danych osobowych i \u2013 w ramach obowi\u0105zuj\u0105cych przepis\u00f3w prawa &#8211; do ich przenoszenia, poprawiania, usuni\u0119cia lub ograniczenia przetwarzania.<\/li>\n<li>Posiadasz tak\u017ce prawo \u2013 w granicach przepis\u00f3w ustawy \u2013 do wniesienia sprzeciwu wobec przetwarzania swoich danych osobowych. W wyniku takiego sprzeciwu nie b\u0119dziemy mogli ju\u017c przetwarza\u0107 Twoich danych osobowych, chyba \u017ce wyka\u017cemy istnienie wa\u017cnych prawnie uzasadnionych podstaw do przetwarzania, nadrz\u0119dnych wobec Twoich interes\u00f3w, praw i wolno\u015bci, lub podstaw do ustalenia, dochodzenia lub obrony roszcze\u0144.<\/li>\n<li>Je\u017celi poprosili\u015bmy Ci\u0119 o zgod\u0119 na przetwarzanie danych, mo\u017cesz cofn\u0105\u0107 zgod\u0119 w ka\u017cdym momencie.<\/li>\n<li>Masz prawo wniesienia skargi do organu nadzorczego, kt\u00f3rym jest Prezes Urz\u0119du Ochrony Danych Osobowych w Warszawie, gdy uznasz, \u017ce przetwarzanie Twoich danych narusza przepisy dotycz\u0105ce ochrony danych osobowych.<\/li>\n<\/ul>\n<p><strong>Kontakt<br \/>\n<\/strong><br \/>\nGdyby\u015b chcia\u0142 si\u0119 z nami skontaktowa\u0107 w sprawie ochrony Twoich danych osobowych, to mo\u017cesz to zrobi\u0107, pisz\u0105c na adres pocztowy administratora Twoich danych podany wy\u017cej, adres elektroniczny owa@brainhint.com lub skontaktowa\u0107 si\u0119 telefonicznie pod numerem 886\u00a0200\u00a0232.<\/p>\n","protected":false},"excerpt":{"rendered":"<p>Je\u017celi Pan\/Pani podaje nam swoje dane osobowe ich administratorem jest BRAINHINT Sp. z o.o. z siedzib\u0105 15-005 Bia\u0142ystok, ul. Sienkiewicza 110. Kontaktuj\u0105c si\u0119 z nami wyra\u017ca Pani\/Pan zgod\u0119 na przetwarzanie&#8230;<\/p>\n","protected":false},"author":2,"featured_media":0,"parent":0,"menu_order":0,"comment_status":"closed","ping_status":"closed","template":"","meta":{"_acf_changed":false,"_monsterinsights_skip_tracking":false,"_monsterinsights_sitenote_active":false,"_monsterinsights_sitenote_note":"","_monsterinsights_sitenote_category":0,"footnotes":""},"class_list":["post-820","page","type-page","status-publish","hentry"],"acf":[],"_links":{"self":[{"href":"https:\/\/brainhint.com\/pl\/wp-json\/wp\/v2\/pages\/820","targetHints":{"allow":["GET"]}}],"collection":[{"href":"https:\/\/brainhint.com\/pl\/wp-json\/wp\/v2\/pages"}],"about":[{"href":"https:\/\/brainhint.com\/pl\/wp-json\/wp\/v2\/types\/page"}],"author":[{"embeddable":true,"href":"https:\/\/brainhint.com\/pl\/wp-json\/wp\/v2\/users\/2"}],"replies":[{"embeddable":true,"href":"https:\/\/brainhint.com\/pl\/wp-json\/wp\/v2\/comments?post=820"}],"version-history":[{"count":12,"href":"https:\/\/brainhint.com\/pl\/wp-json\/wp\/v2\/pages\/820\/revisions"}],"predecessor-version":[{"id":2735,"href":"https:\/\/brainhint.com\/pl\/wp-json\/wp\/v2\/pages\/820\/revisions\/2735"}],"wp:attachment":[{"href":"https:\/\/brainhint.com\/pl\/wp-json\/wp\/v2\/media?parent=820"}],"curies":[{"name":"wp","href":"https:\/\/api.w.org\/{rel}","templated":true}]}}